{"id":2,"date":"2014-02-24T12:42:56","date_gmt":"2014-02-24T12:42:56","guid":{"rendered":"http:\/\/localhost\/marinabcn\/?page_id=2"},"modified":"2025-07-18T12:49:00","modified_gmt":"2025-07-18T10:49:00","slug":"pagina-ejemplo","status":"publish","type":"page","link":"https:\/\/www.marinabcn.cat\/","title":{"rendered":"Home"},"content":{"rendered":"<div id=\"pl-2\"  class=\"panel-layout\" ><div id=\"pg-2-0\"  class=\"panel-grid panel-no-style\" ><div id=\"pgc-2-0-0\"  class=\"panel-grid-cell\" ><div id=\"panel-2-0-0-0\" class=\"so-panel widget widget_text panel-first-child\" data-index=\"0\" >\t\t\t<div class=\"textwidget\"><div tabindex=\"0\" class=\"cycloneslider cycloneslider-template-standard cycloneslider-width-responsive\" id=\"cycloneslider-slider-cyclone-1\" style=\"max-width:1400px\" > <div class=\"cycloneslider-slides cycle-slideshow\" data-cycle-allow-wrap=\"true\" data-cycle-dynamic-height=\"off\" data-cycle-auto-height=\"1400:438\" data-cycle-auto-height-easing=\"null\" data-cycle-auto-height-speed=\"250\" data-cycle-delay=\"0\" data-cycle-easing=\"\" data-cycle-fx=\"fade\" data-cycle-hide-non-active=\"true\" data-cycle-log=\"false\" data-cycle-next=\"#cycloneslider-slider-cyclone-1 .cycloneslider-next\" data-cycle-pager=\"#cycloneslider-slider-cyclone-1 .cycloneslider-pager\" data-cycle-pause-on-hover=\"true\" data-cycle-prev=\"#cycloneslider-slider-cyclone-1 .cycloneslider-prev\" data-cycle-slides=\"&gt; div\" data-cycle-speed=\"1000\" data-cycle-swipe=\"1\" data-cycle-tile-count=\"7\" data-cycle-tile-delay=\"100\" data-cycle-tile-vertical=\"true\" data-cycle-timeout=\"4000\" > <div class=\"cycloneslider-slide cycloneslider-slide-image\" > <img src=\"https:\/\/www.marinabcn.cat\/wp-content\/uploads\/2014\/02\/banner4.jpg\" alt=\"\" title=\"\" \/> <div class=\"cycloneslider-caption\"> <div class=\"cycloneslider-caption-title\">Proveemos diariamente Prensa a 1.400 puntos en Catalu\u00f1a y distribuimos suscripciones a domicilio.<\/div> <div class=\"cycloneslider-caption-description\">Conectados mediante una red de transporte y distribuci\u00f3n de gran capilaridad.<\/div> <\/div> <\/div> <div class=\"cycloneslider-slide cycloneslider-slide-image\" > <img src=\"https:\/\/www.marinabcn.cat\/wp-content\/uploads\/2014\/04\/banner-revista-1400x438.png\" alt=\"\" title=\"\" \/> <div class=\"cycloneslider-caption\"> <div class=\"cycloneslider-caption-title\">Las principales cabeceras conf\u00edan en nosotros<\/div> <div class=\"cycloneslider-caption-description\">L\u00edderes en distribuci\u00f3n de prensa y publicaciones en Catalu\u00f1a<\/div> <\/div> <\/div> <div class=\"cycloneslider-slide cycloneslider-slide-image\" > <img src=\"https:\/\/www.marinabcn.cat\/wp-content\/uploads\/2014\/05\/banner3.png\" alt=\"\" title=\"\" \/> <div class=\"cycloneslider-caption\"> <div class=\"cycloneslider-caption-title\">Un canal alternativo: conveniencia + impulso <\/div> <div class=\"cycloneslider-caption-description\">Con establecimientos del tipo kiosko, papeler\u00eda, librer\u00eda, gasolinera, local de proximidad\u2026 damos amplia cobertura geogr\u00e1fica y prometemos rotaci\u00f3n de consumidores y amplios horarios de atenci\u00f3n al p\u00fablico\u2026.Somos su distribuidor!<\/div> <\/div> <\/div> <\/div> <a href=\"#\" class=\"cycloneslider-prev\"> <span class=\"arrow\"><\/span> <\/a> <a href=\"#\" class=\"cycloneslider-next\"> <span class=\"arrow\"><\/span> <\/a> <\/div><\/div>\n\t\t<\/div><div id=\"panel-2-0-0-1\" class=\"so-panel widget widget_black-studio-tinymce widget_black_studio_tinymce panel-last-child\" data-index=\"1\" ><div class=\"textwidget\"><div class=\"destacado black\">\n<p><em><strong>\"<span style=\"color: #c0c0c0;\">MARINA BCN<\/span><\/strong> es la empresa l\u00edder de distribuci\u00f3n de Prensa en la provincia de Barcelona.\"<br \/>\n<\/em><\/div>\n<\/div><\/div><\/div><\/div><div id=\"pg-2-1\"  class=\"panel-grid panel-has-style\" ><div class=\"padding-in panel-row-style panel-row-style-for-2-1\" ><div id=\"pgc-2-1-0\"  class=\"panel-grid-cell\" ><div id=\"panel-2-1-0-0\" class=\"so-panel widget widget_black-studio-tinymce widget_black_studio_tinymce panel-first-child panel-last-child\" data-index=\"2\" ><div class=\"textwidget\"><div class=\"contenidocol\">\n<p style=\"text-align: center;\"><img class=\"size-full wp-image-79 aligncenter\" style=\"color: #333333; font-size: 14px; line-height: 1.5em;\" src=\"http:\/\/www.marinabcn.cat\/wp-content\/uploads\/2014\/02\/icon.png\" alt=\"icon\" width=\"68\" height=\"66\" data-id=\"79\" \/><\/p>\n\n<h2 style=\"text-align: center;\"><span style=\"color: #cb3a2a;\">Distribuci\u00f3n de\u00a0 publicaciones<\/span><\/h2>\n<p style=\"text-align: center;\">Agilidad y eficacia en la difusi\u00f3n y distribuci\u00f3n \u00a0de <strong>productos editoriales<\/strong>.<\/p>\n\n<\/div><\/div><\/div><\/div><div id=\"pgc-2-1-1\"  class=\"panel-grid-cell\" ><div id=\"panel-2-1-1-0\" class=\"so-panel widget widget_black-studio-tinymce widget_black_studio_tinymce panel-first-child panel-last-child\" data-index=\"3\" ><div class=\"textwidget\"><div class=\"contenidocol sepshadow\">\n<p style=\"text-align: center;\"><img class=\"size-full wp-image-79 aligncenter\" style=\"color: #333333; font-size: 14px; line-height: 1.5em;\" src=\"http:\/\/www.marinabcn.cat\/wp-content\/uploads\/2014\/02\/icon3.png\" alt=\"icon\" width=\"68\" height=\"66\" data-id=\"79\" \/><\/p>\n<h2 style=\"text-align: center;\">\u00a0<span style=\"color: #cb3a2a;\">Transporte capilar<\/span><\/h2>\n<p style=\"text-align: center;\"><strong>Apostamos por la sostenibilidad con veh\u00edculos el\u00e9ctricos propios.<\/strong><\/p>\n<\/div>\n<\/div><\/div><\/div><\/div><\/div><div id=\"pg-2-2\"  class=\"panel-grid panel-no-style\" ><div id=\"pgc-2-2-0\"  class=\"panel-grid-cell\" ><div id=\"panel-2-2-0-0\" class=\"so-panel widget widget_text panel-first-child panel-last-child\" data-index=\"4\" >\t\t\t<div class=\"textwidget\"><div class=\"contcol bgred\">\n\t\t<div class=\"contdoscol\">\n\t\t\t<h2 class=\"fontwhite\">\u00c1rea de editores<\/h2>\n\t\t\t<div class=\"contenidocol bgwhite tolefttext\">\n\t\t\t\t<p style=\"text-align:center;\"><img class=\"alignnone size-full wp-image-97\" alt=\"icon2\" src=\"http:\/\/www.marinabcn.cat\/wp-content\/uploads\/2014\/02\/llapis.png\" width=\"68\" height=\"66\" data-id=\"97\" \/><\/p>\n\t\t\t\t<p>\n<strong>Accede a la p\u00e1gina de servicios para Editores de MARINA BCN.<\/strong>\n<br\/>\nCon su usuario y contrase\u00f1a podr\u00e1 acceder al servicio de estad\u00edsticas de venta que proporcionamos a todos nuestros editores.<\/p>\n\t\t\t\t<p style=\"text-align:center;\"><a href=\"http:\/\/editores.marinabcn.cat\" class=\"button\">Entrar<\/a><\/p>\n\t\t\t<\/div>\n\t\t<\/div>\n\t\t<div class=\"contdoscol sep\">\n\t\t\t<h2 class=\"fontwhite\">\u00c1rea punto de venta<\/h2>\n\t\t\t<div class=\"contenidocol bgwhite tolefttext\">\n\t\t\t\t<p style=\"text-align:center;\"><img class=\"alignnone size-full wp-image-97\" alt=\"icon2\" src=\"http:\/\/www.marinabcn.cat\/wp-content\/uploads\/2014\/02\/editors.png\" width=\"68\" height=\"66\" data-id=\"97\" \/><\/p>\n\t\t\t\t<p>\n<strong>Accede a la p\u00e1gina de servicios para Clientes de MARINA BCN.<\/strong>\n<br\/>\nCon su usuario y contrase\u00f1a podr\u00e1 acceder al intranet de informaci\u00f3n que proporcionamos a todos nuestros Puntos de venta.<\/p>\n\t\t\t\t<p style=\"text-align:center;\"><a href=\"http:\/\/clientes.marinabcn.cat\" class=\"button\">Entrar<\/a><\/p>\n\t\t\t<\/div>\n\t\t<\/div>\n\t<\/div><\/div>\n\t\t<\/div><\/div><\/div><\/div>","protected":false},"excerpt":{"rendered":"<p>Proveemos diariamente Prensa a 1.400 puntos en Catalu\u00f1a y distribuimos suscripciones a domicilio. Conectados mediante una red de transporte y distribuci\u00f3n de gran capilaridad. Las principales cabeceras conf\u00edan en nosotros L\u00edderes en distribuci\u00f3n de prensa y publicaciones en Catalu\u00f1a Un canal alternativo: conveniencia + impulso Con establecimientos del tipo kiosko, papeler\u00eda, librer\u00eda, gasolinera, local de [&hellip;]<\/p>\n","protected":false},"author":4,"featured_media":0,"parent":0,"menu_order":0,"comment_status":"closed","ping_status":"closed","template":"page-templates\/homepage.php","meta":{"footnotes":""},"_links":{"self":[{"href":"https:\/\/www.marinabcn.cat\/index.php?rest_route=\/wp\/v2\/pages\/2"}],"collection":[{"href":"https:\/\/www.marinabcn.cat\/index.php?rest_route=\/wp\/v2\/pages"}],"about":[{"href":"https:\/\/www.marinabcn.cat\/index.php?rest_route=\/wp\/v2\/types\/page"}],"author":[{"embeddable":true,"href":"https:\/\/www.marinabcn.cat\/index.php?rest_route=\/wp\/v2\/users\/4"}],"replies":[{"embeddable":true,"href":"https:\/\/www.marinabcn.cat\/index.php?rest_route=%2Fwp%2Fv2%2Fcomments&post=2"}],"version-history":[{"count":83,"href":"https:\/\/www.marinabcn.cat\/index.php?rest_route=\/wp\/v2\/pages\/2\/revisions"}],"predecessor-version":[{"id":834,"href":"https:\/\/www.marinabcn.cat\/index.php?rest_route=\/wp\/v2\/pages\/2\/revisions\/834"}],"wp:attachment":[{"href":"https:\/\/www.marinabcn.cat\/index.php?rest_route=%2Fwp%2Fv2%2Fmedia&parent=2"}],"curies":[{"name":"wp","href":"https:\/\/api.w.org\/{rel}","templated":true}]}}