{"id":240,"date":"2014-04-01T09:37:19","date_gmt":"2014-04-01T09:37:19","guid":{"rendered":"http:\/\/localhost\/marinabcn\/?page_id=240"},"modified":"2014-06-18T18:01:03","modified_gmt":"2014-06-18T16:01:03","slug":"distribucion-de-publicaciones","status":"publish","type":"page","link":"https:\/\/www.marinabcn.cat\/?page_id=240","title":{"rendered":"Distribuci\u00f3n[de publicaciones]"},"content":{"rendered":"<div id=\"pl-240\"  class=\"panel-layout\" ><div id=\"pg-240-0\"  class=\"panel-grid panel-no-style\" ><div id=\"pgc-240-0-0\"  class=\"panel-grid-cell\" ><div id=\"panel-240-0-0-0\" class=\"so-panel widget widget_black-studio-tinymce widget_black_studio_tinymce panel-first-child\" data-index=\"0\" ><div class=\"textwidget\"><div class=\"destacado black\">\n<h1>Distribuci\u00f3n de publicaciones<\/h1>\n<\/div>\n<\/div><\/div><div id=\"panel-240-0-0-1\" class=\"so-panel widget widget_black-studio-tinymce widget_black_studio_tinymce panel-last-child\" data-index=\"1\" ><div class=\"textwidget\"><div class=\"destacado white\">Los <strong>principales editores conf\u00edan en nosotros<\/strong> para llegar al punto de venta. Entre ellos est\u00e1n:<\/div><\/div><\/div><\/div><\/div><div id=\"pg-240-1\"  class=\"panel-grid panel-has-style\" ><div class=\"padding-in panel-row-style panel-row-style-for-240-1\" ><div id=\"pgc-240-1-0\"  class=\"panel-grid-cell\" ><div id=\"panel-240-1-0-0\" class=\"so-panel widget widget_black-studio-tinymce widget_black_studio_tinymce panel-first-child panel-last-child\" data-index=\"2\" ><div class=\"textwidget\"><div class=\"contenidocol\">\n<h2><span style=\"color: #cb3a2a;\">Prensa de informaci\u00f3n general<\/span><\/h2>\n<p>La Vanguardia<br \/>El Pa\u00eds<br \/>El Mundo<br \/>ABC<br \/>ARA<br \/>El PUNT-AVUI<br \/>Diari de Sabadell<br \/>Diari de Terrassa<br \/>La Ma\u00f1ana<br \/>Segre<br \/>Diari d\u2019Andorra<br \/>Diari de Tarragona<br \/>El 9 NOU<\/p>\n<\/div><\/div><\/div><\/div><div id=\"pgc-240-1-1\"  class=\"panel-grid-cell\" ><div id=\"panel-240-1-1-0\" class=\"so-panel widget widget_black-studio-tinymce widget_black_studio_tinymce panel-first-child panel-last-child\" data-index=\"3\" ><div class=\"textwidget\"><div class=\"contenidocol sepshadow\">\n<h2><span style=\"color: #cb3a2a;\">Prensa deportiva<\/span><\/h2>\n<p>El Mundo\u00a0Deportivo<br \/>As<br \/>Marca<br \/>El 9 Esportiu<\/p>\n<h2><span style=\"color: #cb3a2a;\">Prensa econ\u00f3mica<\/span><\/h2>\n<p>Expansi\u00f3n<br \/>Cinco D\u00edas<br \/>El Economista<\/p><\/div><\/div><\/div><\/div><div id=\"pgc-240-1-2\"  class=\"panel-grid-cell\" ><div id=\"panel-240-1-2-0\" class=\"so-panel widget widget_black-studio-tinymce widget_black_studio_tinymce panel-first-child panel-last-child\" data-index=\"4\" ><div class=\"textwidget\"><div class=\"contenidocol sepshadow\">\n<h2><span style=\"color: #cb3a2a;\">Revistas<\/span><\/h2>\n<p>TELVA<br \/> \nMarca MOTOR<br \/>\nActualidad Econ\u00f3mica<br \/>\nDossier Empresarial<br \/>\nLa Vanguardia Dossier<br \/>\nHoy Coraz\u00f3n<br \/>\nGolf Digest<\/p>\n<\/div><\/div><\/div><\/div><div id=\"pgc-240-1-3\"  class=\"panel-grid-cell\" ><div id=\"panel-240-1-3-0\" class=\"so-panel widget widget_black-studio-tinymce widget_black_studio_tinymce panel-first-child panel-last-child\" data-index=\"5\" ><div class=\"textwidget\"><div class=\"contenidocol\"><img class=\"fluid alignnone wp-image-671 size-full\" src=\"http:\/\/www.marinabcn.cat\/wp-content\/uploads\/2014\/04\/diaris.jpg\" alt=\"diaris\" width=\"670\" height=\"525\" data-id=\"671\" \/><\/div>\n<\/div><\/div><\/div><\/div><\/div><div id=\"pg-240-2\"  class=\"panel-grid panel-no-style\" ><div id=\"pgc-240-2-0\"  class=\"panel-grid-cell\" ><div id=\"panel-240-2-0-0\" class=\"so-panel widget widget_black-studio-tinymce widget_black_studio_tinymce panel-first-child panel-last-child\" data-index=\"6\" ><div class=\"textwidget\"><div class=\"destacado red\">\"Somos la empresa l\u00edder en distribuci\u00f3n de prensa, promociones y publicaciones de Catalu\u00f1a\"<\/div>\n<\/div><\/div><\/div><\/div><div id=\"pg-240-3\"  class=\"panel-grid panel-has-style\" ><div class=\"padding-in panel-row-style panel-row-style-for-240-3\" ><div id=\"pgc-240-3-0\"  class=\"panel-grid-cell\" ><div id=\"panel-240-3-0-0\" class=\"so-panel widget widget_black-studio-tinymce widget_black_studio_tinymce panel-first-child panel-last-child\" data-index=\"7\" ><div class=\"textwidget\"><div class=\"contenidocol\">\n<p>Tenemos amplia experiencia en la distribuci\u00f3n de prensa y publicaciones:<\/p>\n<ul class=\"colorlist\">\n<li>Atesoramos el <strong>conocimiento de la problem\u00e1tica<\/strong> del sector y la <strong>casu\u00edstica del negocio<\/strong>.<\/li>\n<li>Proponemos <strong>soluciones a medida<\/strong> del volumen y la cobertura de cada publicaci\u00f3n.<\/li>\n<\/ul>\n<p>Si decide darnos su confianza, nos encargaremos de realizar:<\/p>\n<ul class=\"colorlist\">\n<li>La <strong>difusi\u00f3n<\/strong>, de acuerdo a los par\u00e1metros de agotados y devoluci\u00f3n acordados con usted.<\/li>\n<li>El <strong>transporte<\/strong> a la red de puntos de venta<strong>.<\/strong><\/li>\n<li>La <strong>recogida de la devoluci\u00f3n.<\/strong>\u00a0<\/li>\n<li>La <strong>facturaci\u00f3n<\/strong>, el cobro<strong>.<\/strong><\/li>\n<\/ul>\n<\/div>\n<\/div><\/div><\/div><div id=\"pgc-240-3-1\"  class=\"panel-grid-cell\" ><div id=\"panel-240-3-1-0\" class=\"so-panel widget widget_black-studio-tinymce widget_black_studio_tinymce panel-first-child panel-last-child\" data-index=\"8\" ><div class=\"textwidget\"><div class=\"contenidocol sepshadow\">\n<p>Adem\u00e1s, podr\u00e1 disponer de la<strong> informaci\u00f3n de sus ventas online<\/strong> (accesible desde el apartado \"acceso Editores\" de esta web)<\/p>\n<p>Adicionalmente, MARINA BCN dispone de un <strong>servicio de entrega de suscripciones a domicilio<\/strong> que cubre Barcelona Ciudad y las principales poblaciones de Catalu\u00f1a.<\/p>\n<ul class=\"colorlist\">\n<li>Actualmente se entregan 35.000 ejemplares\/d\u00eda en Barcelona antes de las 8h de la ma\u00f1ana y 24.000 en el resto de Catalu\u00f1a.<\/li>\n<\/ul>\n<p>MARINA BCN es una empresa asociada de <strong>GDEr<\/strong>, empresa dedicada en exclusiva a la distribuci\u00f3n de revistas a nivel nacional.<\/p>\n<\/div>\n<\/div><\/div><\/div><div id=\"pgc-240-3-2\"  class=\"panel-grid-cell\" ><div id=\"panel-240-3-2-0\" class=\"so-panel widget widget_black-studio-tinymce widget_black_studio_tinymce panel-first-child panel-last-child\" data-index=\"9\" ><div class=\"textwidget\"><div class=\"contenidocol sepshadow\">\n<p>\n<img class=\"alignnone size-full wp-image-468 fluid\" src=\"http:\/\/www.marinabcn.cat\/wp-content\/uploads\/2014\/04\/foto_publicaciones1.jpg\" alt=\"foto_publicaciones1\" width=\"619\" height=\"351\" data-id=\"468\" \/>\n<\/p>\n\n<p><img class=\"alignnone size-full wp-image-470 fluid\" src=\"http:\/\/www.marinabcn.cat\/wp-content\/uploads\/2014\/04\/foto_publicaciones2.jpg\" alt=\"foto_publicaciones2\" width=\"619\" height=\"351\" data-id=\"470\" \/>\n<\/p>\n\n<\/div><\/div><\/div><\/div><\/div><\/div><div id=\"pg-240-4\"  class=\"panel-grid panel-no-style\" ><div id=\"pgc-240-4-0\"  class=\"panel-grid-cell\" ><div id=\"panel-240-4-0-0\" class=\"so-panel widget widget_black-studio-tinymce widget_black_studio_tinymce panel-first-child\" data-index=\"10\" ><div class=\"textwidget\"><p style=\"padding: 0; margin: 0; line-height: 0;\"><img class=\"alignnone size-full wp-image-474 fluid\" src=\"http:\/\/www.marinabcn.cat\/wp-content\/uploads\/2014\/04\/foto_publicaciones3.jpg\" alt=\"foto_publicaciones3\" width=\"1400\" height=\"563\" data-id=\"474\" \/><\/p><\/div><\/div><div id=\"panel-240-4-0-1\" class=\"so-panel widget widget_black-studio-tinymce widget_black_studio_tinymce panel-last-child\" data-index=\"11\" ><div class=\"textwidget\"><div class=\"destacado red\"><h1>\u00bfHablamos?<\/h1><p><a class=\"button grey\" title=\"Contacto [\u00bfhablamos?]\" href=\"http:\/\/www.marinabcn.cat\/?page_id=117\">Contactar<\/a><\/p><\/div><\/div><\/div><\/div><\/div><\/div>","protected":false},"excerpt":{"rendered":"<p>Distribuci\u00f3n de publicaciones Los principales editores conf\u00edan en nosotros para llegar al punto de venta. Entre ellos est\u00e1n: Prensa de informaci\u00f3n general La VanguardiaEl Pa\u00edsEl MundoABCARAEl PUNT-AVUIDiari de SabadellDiari de TerrassaLa Ma\u00f1anaSegreDiari d\u2019AndorraDiari de TarragonaEl 9 NOU Prensa deportiva El Mundo\u00a0DeportivoAsMarcaEl 9 Esportiu Prensa econ\u00f3mica Expansi\u00f3nCinco D\u00edasEl Economista Revistas TELVA Marca MOTOR Actualidad Econ\u00f3mica Dossier [&hellip;]<\/p>\n","protected":false},"author":4,"featured_media":0,"parent":0,"menu_order":0,"comment_status":"open","ping_status":"open","template":"","meta":{"footnotes":""},"_links":{"self":[{"href":"https:\/\/www.marinabcn.cat\/index.php?rest_route=\/wp\/v2\/pages\/240"}],"collection":[{"href":"https:\/\/www.marinabcn.cat\/index.php?rest_route=\/wp\/v2\/pages"}],"about":[{"href":"https:\/\/www.marinabcn.cat\/index.php?rest_route=\/wp\/v2\/types\/page"}],"author":[{"embeddable":true,"href":"https:\/\/www.marinabcn.cat\/index.php?rest_route=\/wp\/v2\/users\/4"}],"replies":[{"embeddable":true,"href":"https:\/\/www.marinabcn.cat\/index.php?rest_route=%2Fwp%2Fv2%2Fcomments&post=240"}],"version-history":[{"count":39,"href":"https:\/\/www.marinabcn.cat\/index.php?rest_route=\/wp\/v2\/pages\/240\/revisions"}],"predecessor-version":[{"id":672,"href":"https:\/\/www.marinabcn.cat\/index.php?rest_route=\/wp\/v2\/pages\/240\/revisions\/672"}],"wp:attachment":[{"href":"https:\/\/www.marinabcn.cat\/index.php?rest_route=%2Fwp%2Fv2%2Fmedia&parent=240"}],"curies":[{"name":"wp","href":"https:\/\/api.w.org\/{rel}","templated":true}]}}