{"id":305,"date":"2014-04-01T14:10:23","date_gmt":"2014-04-01T14:10:23","guid":{"rendered":"http:\/\/localhost\/marinabcn\/?page_id=305"},"modified":"2014-06-19T17:33:12","modified_gmt":"2014-06-19T15:33:12","slug":"transportecapilar","status":"publish","type":"page","link":"https:\/\/www.marinabcn.cat\/?page_id=305","title":{"rendered":"Transporte[capilar]"},"content":{"rendered":"<div id=\"pl-305\"  class=\"panel-layout\" ><div id=\"pg-305-0\"  class=\"panel-grid panel-no-style\" ><div id=\"pgc-305-0-0\"  class=\"panel-grid-cell\" ><div id=\"panel-305-0-0-0\" class=\"so-panel widget widget_black-studio-tinymce widget_black_studio_tinymce panel-first-child\" data-index=\"0\" ><div class=\"textwidget\"><div class=\"destacado black\">\n<h1>Transporte capilar<\/h1>\n<\/div><\/div><\/div><div id=\"panel-305-0-0-1\" class=\"so-panel widget widget_black-studio-tinymce widget_black_studio_tinymce panel-last-child\" data-index=\"1\" ><div class=\"textwidget\"><div class=\"destacado white\">\n<p>\"Si tiene mercanc\u00eda que transportar a sus tiendas o clientes y requiere un servicio econ\u00f3mico y de altas prestaciones \u2026 queremos ser su partner\"<\/p>\n<\/div><\/div><\/div><\/div><\/div><div id=\"pg-305-1\"  class=\"panel-grid panel-has-style\" ><div class=\"padding-in panel-row-style panel-row-style-for-305-1\" ><div id=\"pgc-305-1-0\"  class=\"panel-grid-cell\" ><div id=\"panel-305-1-0-0\" class=\"so-panel widget widget_black-studio-tinymce widget_black_studio_tinymce panel-first-child panel-last-child\" data-index=\"2\" ><div class=\"textwidget\"><div class=\"contenidocol\">\n<p class=\"destVermell\">Los servicios que prestamos son:<\/p>\n<ul class=\"vistlist\">\n<li><strong>Recogida de la mercanc\u00eda<\/strong> en las instalaciones del cliente (opcional).<\/li>\n<li><strong>Enrutado de bultos<\/strong>.<\/li>\n<li><strong>Entrega en horario de ma\u00f1ana<\/strong> (otros horarios a convenir).<\/li>\n<li><strong>Cobro<\/strong> (si es contra reembolso) <strong>e ingreso en cuenta<\/strong> de los importes cobrados.<\/li>\n<li><strong>Devoluci\u00f3n<\/strong> de albar\u00e1nes firmados al cliente.<\/li>\n<\/ul>\n<p>Adem\u00e1s, <strong>podemos llevar a cabo una<\/strong> <strong>integraci\u00f3n de sistemas<\/strong> si se requiere y\/o el volumen de entregas lo justifica, para reducir la introducci\u00f3n de datos manual y los errores que de ello se derivan.<\/p>\n<div class=\"seps\">\u00a0<\/div>\n<div class=\"destacat practico\">\n<p><strong>Un ejemplo pr\u00e1ctico:<\/strong><\/p>\n<p>El servicio de transporte que ofrecemos encajar\u00eda perfectamente para una empresa que requiera transportar mercanc\u00edas a puntos fijos (tiendas propias o clientes asiduos) y con una dispersi\u00f3n geogr\u00e1fica de entregas importante.<\/p>\n<\/div>\n<div class=\"seps\">\u00a0<\/div>\n<p>Para dar <strong>cobertura a toda Catalu\u00f1a<\/strong>, disponemos de una estructura de servicios log\u00edsticos completa, con rutas fijas y diarias de gran capacidad y capilaridad. Llegamos a <strong>665 poblaciones, <\/strong>recorriendo cerca de<strong> 25.000km<\/strong> <strong>cada d\u00eda<\/strong>.<\/p>\n<p>Las tarifas suelen establecerse como un precio por entrega o bien en funci\u00f3n del peso\/volumen (dependiendo del tipo de producto, n\u00famero de entregas y bultos).<\/p>\n<p>Estas f\u00f3rmulas implican la ventaja de que el coste queda muy variabilizado, aunque estamos abiertos a valorar cualquier alternativa que quieran proponernos.<\/p>\n<p><img class=\"fluid alignnone wp-image-678 size-full\" src=\"http:\/\/www.marinabcn.cat\/wp-content\/uploads\/2014\/04\/foto_capilar3.jpg\" alt=\"foto_capilar3\" width=\"619\" height=\"351\" data-id=\"678\" \/><\/p>\n<\/div>\n<\/div><\/div><\/div><div id=\"pgc-305-1-1\"  class=\"panel-grid-cell\" ><div id=\"panel-305-1-1-0\" class=\"so-panel widget widget_black-studio-tinymce widget_black_studio_tinymce panel-first-child panel-last-child\" data-index=\"3\" ><div class=\"textwidget\"><div class=\"contenidocol\">\n<div class=\"destacatV\">\n<p><strong>Propuesta de valor:<\/strong> \"Ofrecemos nuestras <strong>rutas fijas<\/strong>\u00a0<strong>de reparto<\/strong> a aquellos clientes que tengan la necesidad de realizar <strong>transporte de mercanc\u00edas capilar<\/strong>, aprovechando las <strong>sinergias<\/strong> que se generan en estas rutas de alta capilaridad por la <strong>disponibilidad de capacidad adicional<\/strong>.\"<\/p>\n<\/div>\n<p><img class=\"fluid gBorder\" src=\"http:\/\/www.marinabcn.cat\/wp-content\/uploads\/2014\/05\/fotocapilar1.jpg\" alt=\"\" \/><\/p>\n<p class=\"peuPagina\">Ejemplo de ruta de distribuci\u00f3n en Barcelona<\/p>\n<p><strong>Ofrecemos este servicio a nivel nacional<\/strong>, a trav\u00e9s de empresas asociadas que realizan la misma actividad que <strong>MARINA BCN<\/strong>.<\/p>\n<p><img class=\"fluid gBorder\" src=\"http:\/\/www.marinabcn.cat\/wp-content\/uploads\/2014\/04\/foto_capilar1.jpg\" alt=\"\" \/><\/p>\n<p class=\"peuPagina\">Flota de furgonetas de reparto de 1.500kg y 9m3<\/p>\n<\/div>\n<\/div><\/div><\/div><\/div><\/div><div id=\"pg-305-2\"  class=\"panel-grid panel-has-style\" ><div class=\"none-in-mobile panel-row-style panel-row-style-for-305-2\" ><div id=\"pgc-305-2-0\"  class=\"panel-grid-cell\" ><div id=\"panel-305-2-0-0\" class=\"so-panel widget widget_black-studio-tinymce widget_black_studio_tinymce panel-first-child panel-last-child\" data-index=\"4\" ><div class=\"textwidget\"><div class=\"destacado red\">\n<p><strong>Red de distribuci\u00f3n en Catalu\u00f1a<\/strong><\/p>\n<p><em>Poblaciones a las que llegamos 362 dias\/a\u00f1o<\/em><\/p>\n<\/div>\n<\/div><\/div><\/div><\/div><\/div><div id=\"pg-305-3\"  class=\"panel-grid panel-has-style\" ><div class=\"none-in-mobile panel-row-style panel-row-style-for-305-3\" ><div id=\"pgc-305-3-0\"  class=\"panel-grid-cell\" ><div id=\"panel-305-3-0-0\" class=\"so-panel widget widget_black-studio-tinymce widget_black_studio_tinymce panel-first-child panel-last-child\" data-index=\"5\" ><div class=\"textwidget\"><div data-iguala=\"1\"><img class=\"fluid alignnone wp-image-616 size-full\" src=\"http:\/\/www.marinabcn.cat\/wp-content\/uploads\/2014\/04\/mapa-rutas_CAST_OK.png\" alt=\"mapa-rutas_CAST_OK\" width=\"766\" height=\"731\" data-id=\"616\" \/><\/div>\n<\/div><\/div><\/div><div id=\"pgc-305-3-1\"  class=\"panel-grid-cell\" ><div id=\"panel-305-3-1-0\" class=\"so-panel widget widget_text panel-first-child panel-last-child\" data-index=\"6\" >\t\t\t<div class=\"textwidget\"><div class=\"contcol cont-combos\" data-iguala=\"1\"><div class=\"ns_menu\"><ul><li><a href=\"#\">BARCELONA <span class=\"num-total-comarca-dropdown\">( 250 )<\/span><\/a><div class=\"ns_arrow\"><\/div><ul><li><a href=\"\" data-id-comarca=\"1\">Alt Pened\u00e8s <span class=\"num-results\">24<\/span><\/a><\/li><li><a href=\"\" data-id-comarca=\"25\">Anoia <span class=\"num-results\">20<\/span><\/a><\/li><li><a href=\"\" data-id-comarca=\"45\">Bages <span class=\"num-results\">23<\/span><\/a><\/li><li><a href=\"\" data-id-comarca=\"68\">Baix Llobregat <span class=\"num-results\">30<\/span><\/a><\/li><li><a href=\"\" data-id-comarca=\"98\">Barcelon\u00e8s <span class=\"num-results\">5<\/span><\/a><\/li><li><a href=\"\" data-id-comarca=\"103\">Bergued\u00e0 <span class=\"num-results\">18<\/span><\/a><\/li><li><a href=\"\" data-id-comarca=\"121\">Garraf <span class=\"num-results\">6<\/span><\/a><\/li><li><a href=\"\" data-id-comarca=\"127\">Maresme <span class=\"num-results\">29<\/span><\/a><\/li><li><a href=\"\" data-id-comarca=\"156\">Osona <span class=\"num-results\">38<\/span><\/a><\/li><li><a href=\"\" data-id-comarca=\"194\">Vall\u00e8s Occidental <span class=\"num-results\">21<\/span><\/a><\/li><li><a href=\"\" data-id-comarca=\"215\">Vall\u00e8s Oriental <span class=\"num-results\">36<\/span><\/a><\/li><\/ul><\/li><li><a href=\"#\">TARRAGONA <span class=\"num-total-comarca-dropdown\">( 126 )<\/span><\/a><div class=\"ns_arrow\"><\/div><ul><li><a href=\"\" data-id-comarca=\"543\">Alt Camp <span class=\"num-results\">11<\/span><\/a><\/li><li><a href=\"\" data-id-comarca=\"554\">Baix Camp <span class=\"num-results\">21<\/span><\/a><\/li><li><a href=\"\" data-id-comarca=\"575\">Baix Ebre <span class=\"num-results\">17<\/span><\/a><\/li><li><a href=\"\" data-id-comarca=\"592\">Baix Pened\u00e8s <span class=\"num-results\">14<\/span><\/a><\/li><li><a href=\"\" data-id-comarca=\"606\">Conca de Barber\u00e0 <span class=\"num-results\">7<\/span><\/a><\/li><li><a href=\"\" data-id-comarca=\"613\">Montsi\u00e0 <span class=\"num-results\">8<\/span><\/a><\/li><li><a href=\"\" data-id-comarca=\"621\">Priorat <span class=\"num-results\">8<\/span><\/a><\/li><li><a href=\"\" data-id-comarca=\"629\">Ribera d'Ebre <span class=\"num-results\">9<\/span><\/a><\/li><li><a href=\"\" data-id-comarca=\"638\">Tarragon\u00e8s <span class=\"num-results\">21<\/span><\/a><\/li><li><a href=\"\" data-id-comarca=\"659\">Terra Alta <span class=\"num-results\">10<\/span><\/a><\/li><\/ul><\/li><li><a href=\"#\">LLEIDA <span class=\"num-total-comarca-dropdown\">( 120 )<\/span><\/a><div class=\"ns_arrow\"><\/div><ul><li><a href=\"\" data-id-comarca=\"422\">Alt Urgell <span class=\"num-results\">4<\/span><\/a><\/li><li><a href=\"\" data-id-comarca=\"426\">Alta Ribagor\u00e7a <span class=\"num-results\">4<\/span><\/a><\/li><li><a href=\"\" data-id-comarca=\"430\">Garrigues <span class=\"num-results\">10<\/span><\/a><\/li><li><a href=\"\" data-id-comarca=\"440\">Noguera <span class=\"num-results\">16<\/span><\/a><\/li><li><a href=\"\" data-id-comarca=\"456\">Pallars Juss\u00e0 <span class=\"num-results\">6<\/span><\/a><\/li><li><a href=\"\" data-id-comarca=\"462\">Pallars Sobir\u00e0 <span class=\"num-results\">6<\/span><\/a><\/li><li><a href=\"\" data-id-comarca=\"468\">Pla d'Urgell <span class=\"num-results\">14<\/span><\/a><\/li><li><a href=\"\" data-id-comarca=\"482\">Segarra <span class=\"num-results\">9<\/span><\/a><\/li><li><a href=\"\" data-id-comarca=\"491\">Segri\u00e0 <span class=\"num-results\">33<\/span><\/a><\/li><li><a href=\"\" data-id-comarca=\"524\">Solson\u00e8s <span class=\"num-results\">2<\/span><\/a><\/li><li><a href=\"\" data-id-comarca=\"526\">Urgell <span class=\"num-results\">11<\/span><\/a><\/li><li><a href=\"\" data-id-comarca=\"537\">Vall d'Aran <span class=\"num-results\">5<\/span><\/a><\/li><\/ul><\/li><li><a href=\"#\">GIRONA <span class=\"num-total-comarca-dropdown\">( 169 )<\/span><\/a><div class=\"ns_arrow\"><\/div><ul><li><a href=\"\" data-id-comarca=\"252\">Alt Empord\u00e0 <span class=\"num-results\">47<\/span><\/a><\/li><li><a href=\"\" data-id-comarca=\"299\">Baix Empord\u00e0 <span class=\"num-results\">32<\/span><\/a><\/li><li><a href=\"\" data-id-comarca=\"331\">Cerdanya <span class=\"num-results\">12<\/span><\/a><\/li><li><a href=\"\" data-id-comarca=\"343\">Garrotxa <span class=\"num-results\">14<\/span><\/a><\/li><li><a href=\"\" data-id-comarca=\"357\">Giron\u00e8s <span class=\"num-results\">21<\/span><\/a><\/li><li><a href=\"\" data-id-comarca=\"378\">Pla de l'Estany <span class=\"num-results\">8<\/span><\/a><\/li><li><a href=\"\" data-id-comarca=\"386\">Ripoll\u00e8s <span class=\"num-results\">13<\/span><\/a><\/li><li><a href=\"\" data-id-comarca=\"399\">Selva <span class=\"num-results\">22<\/span><\/a><\/li><\/ul><\/li><\/ul><\/div><div id=\"poblations-eng-cont\"><\/div><div id=\"placeholder-image\" style=\"text-align: center;\"><img style=\"width:100%\" src=\"wp-content\/themes\/marinabcntheme\/images\/esquema_1.png\" \/>Selecciona una provincia para ver las \\r\\npoblaciones a las que damos cobertura<img style=\"width:100%\" src=\"wp-content\/themes\/marinabcntheme\/images\/esquema_2.png\" \/><\/div><\/div><\/div>\n\t\t<\/div><\/div><\/div><\/div><div id=\"pg-305-4\"  class=\"panel-grid panel-no-style\" ><div id=\"pgc-305-4-0\"  class=\"panel-grid-cell\" ><div id=\"panel-305-4-0-0\" class=\"so-panel widget widget_black-studio-tinymce widget_black_studio_tinymce panel-first-child panel-last-child\" data-index=\"7\" ><div class=\"textwidget\"><div class=\"destacado red\"><h1>\u00bfHablamos?<\/h1><p><a class=\"button grey\" title=\"Contacto [\u00bfhablamos?]\" href=\"http:\/\/www.marinabcn.cat\/?page_id=117\">Contactar<\/a><\/p><\/div><\/div><\/div><\/div><\/div><\/div>","protected":false},"excerpt":{"rendered":"<p>Transporte capilar \u00abSi tiene mercanc\u00eda que transportar a sus tiendas o clientes y requiere un servicio econ\u00f3mico y de altas prestaciones \u2026 queremos ser su partner\u00bb Los servicios que prestamos son: Recogida de la mercanc\u00eda en las instalaciones del cliente (opcional). Enrutado de bultos. Entrega en horario de ma\u00f1ana (otros horarios a convenir). Cobro (si [&hellip;]<\/p>\n","protected":false},"author":4,"featured_media":0,"parent":0,"menu_order":0,"comment_status":"closed","ping_status":"closed","template":"","meta":{"footnotes":""},"_links":{"self":[{"href":"https:\/\/www.marinabcn.cat\/index.php?rest_route=\/wp\/v2\/pages\/305"}],"collection":[{"href":"https:\/\/www.marinabcn.cat\/index.php?rest_route=\/wp\/v2\/pages"}],"about":[{"href":"https:\/\/www.marinabcn.cat\/index.php?rest_route=\/wp\/v2\/types\/page"}],"author":[{"embeddable":true,"href":"https:\/\/www.marinabcn.cat\/index.php?rest_route=\/wp\/v2\/users\/4"}],"replies":[{"embeddable":true,"href":"https:\/\/www.marinabcn.cat\/index.php?rest_route=%2Fwp%2Fv2%2Fcomments&post=305"}],"version-history":[{"count":42,"href":"https:\/\/www.marinabcn.cat\/index.php?rest_route=\/wp\/v2\/pages\/305\/revisions"}],"predecessor-version":[{"id":679,"href":"https:\/\/www.marinabcn.cat\/index.php?rest_route=\/wp\/v2\/pages\/305\/revisions\/679"}],"wp:attachment":[{"href":"https:\/\/www.marinabcn.cat\/index.php?rest_route=%2Fwp%2Fv2%2Fmedia&parent=305"}],"curies":[{"name":"wp","href":"https:\/\/api.w.org\/{rel}","templated":true}]}}